{"id":2693,"date":"2024-10-01T13:01:57","date_gmt":"2024-10-01T11:01:57","guid":{"rendered":"https:\/\/jpacsj.umh.es\/?page_id=2693"},"modified":"2025-06-09T10:35:00","modified_gmt":"2025-06-09T08:35:00","slug":"contacto-2","status":"publish","type":"page","link":"https:\/\/jpacsj.umh.es\/en\/contacto-2\/","title":{"rendered":"<span lang=\"es\">(Espa\u00f1ol) Contacto<\/span>"},"content":{"rendered":"<p>[et_pb_section fb_built=&#8221;1&#8243; _builder_version=&#8221;4.17.4&#8243; background_image=&#8221;https:\/\/jpacsj.umh.es\/files\/2024\/09\/Di\u0301pticoCS-2024_Pagina_2.jpg&#8221; saved_tabs=&#8221;all&#8221; global_colors_info=&#8221;{}&#8221;][et_pb_row _builder_version=&#8221;4.17.4&#8243; global_colors_info=&#8221;{}&#8221;][et_pb_column type=&#8221;4_4&#8243; _builder_version=&#8221;4.17.4&#8243; global_colors_info=&#8221;{}&#8221;][et_pb_text _builder_version=&#8221;4.17.4&#8243; text_font=&#8221;|600|||||||&#8221; text_text_color=&#8221;#ffffff&#8221; background_enable_color=&#8221;off&#8221; max_width=&#8221;65%&#8221; module_alignment=&#8221;left&#8221; custom_padding=&#8221;26px|||17px|false|false&#8221; hover_enabled=&#8221;0&#8243; global_colors_info=&#8221;{}&#8221; sticky_enabled=&#8221;0&#8243;]<\/p>\n<h1 style=\"text-align: left;\"><strong><span style=\"color: #000000;\">CONTACTO<\/span><\/strong><\/h1>\n<p>[\/et_pb_text][\/et_pb_column][\/et_pb_row][\/et_pb_section][et_pb_section fb_built=&#8221;1&#8243; _builder_version=&#8221;4.16&#8243; global_colors_info=&#8221;{}&#8221;][et_pb_row _builder_version=&#8221;4.16&#8243; global_colors_info=&#8221;{}&#8221;][et_pb_column type=&#8221;4_4&#8243; _builder_version=&#8221;4.16&#8243; global_colors_info=&#8221;{}&#8221;][et_pb_text _builder_version=&#8221;4.17.4&#8243; text_font_size=&#8221;16px&#8221; hover_enabled=&#8221;0&#8243; global_colors_info=&#8221;{}&#8221; sticky_enabled=&#8221;0&#8243;]<\/p>\n<h2 class=\"section-title\" style=\"text-align: center; font-size: 40px;\"><strong>JORNADA DE PUERTAS ABIERTAS DEL CAMPUS SANT JOAN D\u00b4ALACANT 2025<\/strong><\/h2>\n<p style=\"text-align: center; font-size: 20px;\"><strong>UNIVERSIDAD MIGUEL HERN\u00c1NDEZ DE ELCHE<\/strong><\/p>\n<p>[\/et_pb_text][\/et_pb_column][\/et_pb_row][et_pb_row _builder_version=&#8221;4.16&#8243; global_colors_info=&#8221;{}&#8221;][et_pb_column type=&#8221;4_4&#8243; _builder_version=&#8221;4.16&#8243; global_colors_info=&#8221;{}&#8221;][et_pb_text disabled_on=&#8221;off|off|off&#8221; _builder_version=&#8221;4.17.4&#8243; text_font_size=&#8221;21px&#8221; hover_enabled=&#8221;0&#8243; global_colors_info=&#8221;{}&#8221; sticky_enabled=&#8221;0&#8243;]<\/p>\n<p dir=\"ltr\"><span><\/span><\/p>\n<p dir=\"ltr\"><span><\/span><\/p>\n<p dir=\"ltr\"><span><\/span><\/p>\n<p dir=\"ltr\"><span><\/span><\/p>\n<p dir=\"ltr\"><span>Para m\u00e1s informaci\u00f3n, podemos resolver tus dudas en:\u00a0<\/span><\/p>\n<p dir=\"ltr\"><span>Tel\u00e9fonos: <\/span><\/p>\n<p dir=\"ltr\"><strong>\u00a0 \u00a0 \u00a0 \u00a0 \u00a0 \u00a0 965 91 93 61 <\/strong><span>(Isabel)<\/span><span>\u00a0<\/span><\/p>\n<p dir=\"ltr\"><span>\u00a0 \u00a0 \u00a0 \u00a0 \u00a0 \u00a0 <strong>965 91 92 08<\/strong><\/span><span> (Nicanor)\u00a0<\/span><\/p>\n<p dir=\"ltr\"><span><\/span><\/p>\n<p dir=\"ltr\"><span>Horario de atenci\u00f3n: de lunes a viernes de 09:00-14:00 horas.<\/span><\/p>\n<p dir=\"ltr\"><span>Email:\u00a0<\/span><a href=\"mailto:jpasanjuan@umh.es\" target=\"_blank\" rel=\"noopener\"><span>jpasanjuan@umh.es<\/span><\/a><span>\u00a0\u00a0<\/span><\/p>\n<p>[\/et_pb_text][et_pb_text disabled_on=&#8221;on|on|on&#8221; _builder_version=&#8221;4.17.4&#8243; text_font_size=&#8221;16px&#8221; disabled=&#8221;on&#8221; global_colors_info=&#8221;{}&#8221;]<b>Objetivos:<\/b><\/p>\n<ul>\n<li style=\"font-weight: 400;\"><span style=\"font-weight: 400;\"> Acercar a estudiantes de primaria, secundaria y bachillerato al mundo de Ciencias de la Salud en el d\u00eda oficial de la inauguraci\u00f3n del curso acad\u00e9mico 2024\/2025.<br \/>\n<\/span><\/li>\n<li style=\"font-weight: 400;\"><span style=\"font-weight: 400;\">Contribuir al desarrollo de contenidos procedimentales propios de la ciencia, la manipulaci\u00f3n y la observaci\u00f3n, potenciando principalmente la curiosidad.<\/span><\/li>\n<\/ul>\n<p><b>Actividades a desarrollar:\u00a0<\/b><\/p>\n<ul>\n<li><span style=\"font-weight: 400;\">Talleres.<\/span><\/li>\n<li><span style=\"font-weight: 400;\">Exposici\u00f3n fotogr\u00e1fica sobre el cerebro humano.<\/span><\/li>\n<li><span style=\"font-weight: 400;\">Stands informativos.<\/span><\/li>\n<\/ul>\n<p><b>En esta edici\u00f3n contaremos con 14 talleres:<\/b><\/p>\n<ul>\n<li><span style=\"font-weight: 400;\">A\u00f1ade un fisioterapeuta a tu deporte<\/span><\/li>\n<li><span style=\"font-weight: 400;\">Anatom\u00eda Humana<\/span><\/li>\n<li><span style=\"font-weight: 400;\">Experimentos de F\u00edsica<\/span><\/li>\n<li><span style=\"font-weight: 400;\">Conoce tu destreza manual y tus habilidades cognitivas<\/span><\/li>\n<li><span style=\"font-weight: 400;\">En sus zapatos<\/span><\/li>\n<li><span style=\"font-weight: 400;\"> Extra-parto SIM: Atenci\u00f3n al parto extrahospitalario <\/span><\/li>\n<li><span style=\"font-weight: 400;\">EXPERMED: Experimentando con la medicina<\/span><\/li>\n<li><span style=\"font-weight: 400;\">RCP b\u00e1sica<\/span><\/li>\n<li><span style=\"font-weight: 400;\">Taller de habilidades m\u00e9dico-quir\u00fargicas<\/span><\/li>\n<li><span style=\"font-weight: 400;\">Taller experimental de la visi\u00f3n<\/span><\/li>\n<li><span style=\"font-weight: 400;\">Tel\u00f3mero, \u00bfy eso qu\u00e9 es?<\/span><\/li>\n<li><span style=\"font-weight: 400;\">\u00a1Urgente! \u00bfQu\u00e9 tenemos que hacer ante un atragantamiento?<\/span><\/li>\n<li><span style=\"font-weight: 400;\">Conoce tu espalda: Invirtiendo en salud<\/span><\/li>\n<li><span style=\"font-weight: 400;\">Embriolog\u00eda experimental<\/span><\/li>\n<\/ul>\n<p>[\/et_pb_text][\/et_pb_column][\/et_pb_row][et_pb_row column_structure=&#8221;1_3,1_3,1_3&#8243; _builder_version=&#8221;4.16&#8243; global_colors_info=&#8221;{}&#8221;][et_pb_column type=&#8221;1_3&#8243; _builder_version=&#8221;4.16&#8243; global_colors_info=&#8221;{}&#8221;][\/et_pb_column][et_pb_column type=&#8221;1_3&#8243; _builder_version=&#8221;4.16&#8243; global_colors_info=&#8221;{}&#8221;][et_pb_image src=&#8221;https:\/\/jpacsj.umh.es\/files\/2024\/09\/Conselleria-de-Educacion-Cultura-Universidades-y-Empleo-CMYK.png&#8221; title_text=&#8221;Conselleria de Educaci\u00f3n, Cultura, Universidades y Empleo, CMYK&#8221; show_bottom_space=&#8221;off&#8221; _builder_version=&#8221;4.17.4&#8243; global_colors_info=&#8221;{}&#8221;][\/et_pb_image][\/et_pb_column][et_pb_column type=&#8221;1_3&#8243; _builder_version=&#8221;4.16&#8243; global_colors_info=&#8221;{}&#8221;][\/et_pb_column][\/et_pb_row][et_pb_row _builder_version=&#8221;4.17.4&#8243; _module_preset=&#8221;default&#8221; custom_padding=&#8221;38px||9px|||&#8221; global_colors_info=&#8221;{}&#8221;][et_pb_column type=&#8221;4_4&#8243; _builder_version=&#8221;4.17.4&#8243; _module_preset=&#8221;default&#8221; global_colors_info=&#8221;{}&#8221;][\/et_pb_column][\/et_pb_row][\/et_pb_section]<\/p>\n","protected":false},"excerpt":{"rendered":"<p>CONTACTOJORNADA DE PUERTAS ABIERTAS DEL CAMPUS SANT JOAN D\u00b4ALACANT 2025 UNIVERSIDAD MIGUEL HERN\u00c1NDEZ DE ELCHE Para m\u00e1s informaci\u00f3n, podemos resolver tus dudas en:\u00a0 Tel\u00e9fonos: \u00a0 \u00a0 \u00a0 \u00a0 \u00a0 \u00a0 965 91 93 61 (Isabel)\u00a0 \u00a0 \u00a0 \u00a0 \u00a0 \u00a0 \u00a0 965 91 92 08 (Nicanor)\u00a0 Horario de atenci\u00f3n: de lunes a viernes de 09:00-14:00 [&hellip;]<\/p>\n","protected":false},"author":3782,"featured_media":0,"parent":0,"menu_order":0,"comment_status":"closed","ping_status":"closed","template":"","meta":{"_et_pb_use_builder":"on","_et_pb_old_content":"","_et_gb_content_width":"","_links_to":"","_links_to_target":""},"_links":{"self":[{"href":"https:\/\/jpacsj.umh.es\/en\/wp-json\/wp\/v2\/pages\/2693"}],"collection":[{"href":"https:\/\/jpacsj.umh.es\/en\/wp-json\/wp\/v2\/pages"}],"about":[{"href":"https:\/\/jpacsj.umh.es\/en\/wp-json\/wp\/v2\/types\/page"}],"author":[{"embeddable":true,"href":"https:\/\/jpacsj.umh.es\/en\/wp-json\/wp\/v2\/users\/3782"}],"replies":[{"embeddable":true,"href":"https:\/\/jpacsj.umh.es\/en\/wp-json\/wp\/v2\/comments?post=2693"}],"version-history":[{"count":0,"href":"https:\/\/jpacsj.umh.es\/en\/wp-json\/wp\/v2\/pages\/2693\/revisions"}],"wp:attachment":[{"href":"https:\/\/jpacsj.umh.es\/en\/wp-json\/wp\/v2\/media?parent=2693"}],"curies":[{"name":"wp","href":"https:\/\/api.w.org\/{rel}","templated":true}]}}