{"id":22,"date":"2021-11-29T09:36:40","date_gmt":"2021-11-29T09:36:40","guid":{"rendered":"https:\/\/jornadasdeeducacionmedica.umh.es\/?page_id=22"},"modified":"2025-06-10T13:24:52","modified_gmt":"2025-06-10T11:24:52","slug":"programa","status":"publish","type":"page","link":"https:\/\/jpacsj.umh.es\/en\/programa\/","title":{"rendered":"Programa"},"content":{"rendered":"<p>[et_pb_section fb_built=&#8221;1&#8243; _builder_version=&#8221;4.17.4&#8243; background_image=&#8221;https:\/\/jpacsj.umh.es\/files\/2024\/09\/Di\u0301pticoCS-2024_Pagina_2.jpg&#8221; global_colors_info=&#8221;{}&#8221;][et_pb_row _builder_version=&#8221;4.17.4&#8243; global_colors_info=&#8221;{}&#8221;][et_pb_column type=&#8221;4_4&#8243; _builder_version=&#8221;4.16&#8243; global_colors_info=&#8221;{}&#8221;][et_pb_text _builder_version=&#8221;4.16&#8243; custom_padding=&#8221;||26px||false|false&#8221; global_colors_info=&#8221;{}&#8221;]<\/p>\n<h1 style=\"text-align: left\"><strong><span style=\"color: #000000\">PROGRAMA<\/span><\/strong><\/h1>\n<p>[\/et_pb_text][\/et_pb_column][\/et_pb_row][\/et_pb_section][et_pb_section fb_built=&#8221;1&#8243; _builder_version=&#8221;4.16&#8243; global_colors_info=&#8221;{}&#8221;][et_pb_row _builder_version=&#8221;4.17.4&#8243; _module_preset=&#8221;default&#8221; global_colors_info=&#8221;{}&#8221;][et_pb_column type=&#8221;4_4&#8243; _builder_version=&#8221;4.17.4&#8243; _module_preset=&#8221;default&#8221; global_colors_info=&#8221;{}&#8221;][et_pb_text _builder_version=&#8221;4.17.4&#8243; _module_preset=&#8221;default&#8221; global_colors_info=&#8221;{}&#8221;]<\/p>\n<h2 class=\"section-title\" style=\"text-align: center; font-size: 40px;\"><strong>JORNADA DE PUERTAS ABIERTAS DEL CAMPUS SANT JOAN D\u00b4ALACANT 2025<\/strong><\/h2>\n<p style=\"text-align: center; font-size: 20px;\"><strong>UNIVERSIDAD MIGUEL HERN\u00c1NDEZ DE ELCHE<\/strong><\/p>\n<p>[\/et_pb_text][\/et_pb_column][\/et_pb_row][et_pb_row _builder_version=&#8221;4.16&#8243; global_colors_info=&#8221;{}&#8221;][et_pb_column type=&#8221;4_4&#8243; _builder_version=&#8221;4.16&#8243; global_colors_info=&#8221;{}&#8221;][et_pb_text disabled_on=&#8221;on|on|on&#8221; _builder_version=&#8221;4.17.4&#8243; text_font_size=&#8221;16px&#8221; disabled=&#8221;on&#8221; global_colors_info=&#8221;{}&#8221;]<a href=\"https:\/\/jpacsj.umh.es\/files\/2024\/09\/Di\u0301ptico-informativo-JPA-CS-2024.pdf\" target=\"_blank\" rel=\"noopener\">Descarga el d\u00edptico desde este enlace<\/a><\/p>\n<p><iframe loading=\"lazy\" src=\"https:\/\/jpacsj.umh.es\/files\/2024\/09\/Di\u0301ptico-informativo-JPA-CS-2024.pdf\" width=\"100%\" height=\"1200px\"><\/iframe>[\/et_pb_text][et_pb_text disabled_on=&#8221;on|on|on&#8221; _builder_version=&#8221;4.17.4&#8243; text_font_size=&#8221;16px&#8221; disabled=&#8221;on&#8221; global_colors_info=&#8221;{}&#8221;]<a href=\"https:\/\/jpacsj.umh.es\/files\/2024\/09\/Di\u0301ptico-informativo-JPA-CS-2024.pdf\" target=\"_blank\" rel=\"noopener\">Descarga el d\u00edptico desde este enlace<\/a>[\/et_pb_text][et_pb_text disabled_on=&#8221;off|off|off&#8221; _builder_version=&#8221;4.17.4&#8243; text_font_size=&#8221;16px&#8221; hover_enabled=&#8221;0&#8243; global_colors_info=&#8221;{}&#8221; sticky_enabled=&#8221;0&#8243;]<\/p>\n<h2 style=\"text-align: center;\"><a href='https:\/\/jpacsj.umh.es\/files\/2025\/06\/Diptico-JPA-CS-2025.pdf' class='big-button bigorange' target=\"_blank\">Descarga el d\u00edptico desde este bot\u00f3n<\/a><\/h2>\n<p>[\/et_pb_text][et_pb_image src=&#8221;https:\/\/jpacsj.umh.es\/files\/2024\/10\/Horario-JPA-CS-24.png&#8221; title_text=&#8221;Horario JPA-CS 24&#8243; align=&#8221;center&#8221; _builder_version=&#8221;4.17.4&#8243; _module_preset=&#8221;default&#8221; hover_enabled=&#8221;0&#8243; global_colors_info=&#8221;{}&#8221; sticky_enabled=&#8221;0&#8243;][\/et_pb_image][et_pb_image src=&#8221;https:\/\/jpacsj.umh.es\/files\/2024\/09\/Di\u0301ptico-informativo-JPA-CS-2024_page-0002.jpg&#8221; title_text=&#8221;Di\u0301ptico informativo JPA-CS 2024_page-0002&#8243; disabled_on=&#8221;on|on|on&#8221; _builder_version=&#8221;4.17.4&#8243; _module_preset=&#8221;default&#8221; disabled=&#8221;on&#8221; global_colors_info=&#8221;{}&#8221;][\/et_pb_image][\/et_pb_column][\/et_pb_row][et_pb_row column_structure=&#8221;1_3,1_3,1_3&#8243; _builder_version=&#8221;4.16&#8243; global_colors_info=&#8221;{}&#8221;][et_pb_column type=&#8221;1_3&#8243; _builder_version=&#8221;4.16&#8243; global_colors_info=&#8221;{}&#8221;][\/et_pb_column][et_pb_column type=&#8221;1_3&#8243; _builder_version=&#8221;4.16&#8243; global_colors_info=&#8221;{}&#8221;][et_pb_image src=&#8221;https:\/\/jpacsj.umh.es\/files\/2024\/09\/Conselleria-de-Educacion-Cultura-Universidades-y-Empleo-CMYK-300&#215;148.png&#8221; title_text=&#8221;Conselleria de Educaci\u00f3n, Cultura, Universidades y Empleo, CMYK&#8221; _builder_version=&#8221;4.17.4&#8243; global_colors_info=&#8221;{}&#8221;][\/et_pb_image][\/et_pb_column][et_pb_column type=&#8221;1_3&#8243; _builder_version=&#8221;4.16&#8243; global_colors_info=&#8221;{}&#8221;][\/et_pb_column][\/et_pb_row][\/et_pb_section]<\/p>\n","protected":false},"excerpt":{"rendered":"<p>PROGRAMAJORNADA DE PUERTAS ABIERTAS DEL CAMPUS SANT JOAN D\u00b4ALACANT 2025 UNIVERSIDAD MIGUEL HERN\u00c1NDEZ DE ELCHEDescarga el d\u00edptico desde este enlace Descarga el d\u00edptico desde este enlace<a href='https:\/\/jpacsj.umh.es\/files\/2025\/06\/Diptico-JPA-CS-2025.pdf' class='big-button bigorange' target=\"_blank\">Descarga el d\u00edptico desde este bot\u00f3n<\/a><\/p>\n","protected":false},"author":3782,"featured_media":0,"parent":0,"menu_order":0,"comment_status":"closed","ping_status":"closed","template":"","meta":{"_et_pb_use_builder":"on","_et_pb_old_content":"","_et_gb_content_width":"","_links_to":"","_links_to_target":""},"_links":{"self":[{"href":"https:\/\/jpacsj.umh.es\/en\/wp-json\/wp\/v2\/pages\/22"}],"collection":[{"href":"https:\/\/jpacsj.umh.es\/en\/wp-json\/wp\/v2\/pages"}],"about":[{"href":"https:\/\/jpacsj.umh.es\/en\/wp-json\/wp\/v2\/types\/page"}],"author":[{"embeddable":true,"href":"https:\/\/jpacsj.umh.es\/en\/wp-json\/wp\/v2\/users\/3782"}],"replies":[{"embeddable":true,"href":"https:\/\/jpacsj.umh.es\/en\/wp-json\/wp\/v2\/comments?post=22"}],"version-history":[{"count":0,"href":"https:\/\/jpacsj.umh.es\/en\/wp-json\/wp\/v2\/pages\/22\/revisions"}],"wp:attachment":[{"href":"https:\/\/jpacsj.umh.es\/en\/wp-json\/wp\/v2\/media?parent=22"}],"curies":[{"name":"wp","href":"https:\/\/api.w.org\/{rel}","templated":true}]}}