{"id":2591,"date":"2024-09-25T14:07:10","date_gmt":"2024-09-25T12:07:10","guid":{"rendered":"https:\/\/jpacsj.umh.es\/?page_id=2591"},"modified":"2024-10-01T12:12:47","modified_gmt":"2024-10-01T10:12:47","slug":"talleres","status":"publish","type":"page","link":"https:\/\/jpacsj.umh.es\/ca\/talleres\/","title":{"rendered":"<span lang=\"es\">(Espa\u00f1ol) Talleres<\/span>"},"content":{"rendered":"<p>[et_pb_section fb_built=&#8221;1&#8243; _builder_version=&#8221;4.17.4&#8243; background_image=&#8221;https:\/\/jpacsj.umh.es\/files\/2024\/09\/Di\u0301pticoCS-2024_Pagina_2.jpg&#8221; saved_tabs=&#8221;all&#8221; global_colors_info=&#8221;{}&#8221;][et_pb_row _builder_version=&#8221;4.17.4&#8243; global_colors_info=&#8221;{}&#8221;][et_pb_column type=&#8221;4_4&#8243; _builder_version=&#8221;4.17.4&#8243; global_colors_info=&#8221;{}&#8221;][et_pb_text _builder_version=&#8221;4.17.4&#8243; text_font=&#8221;|600|||||||&#8221; text_text_color=&#8221;#ffffff&#8221; background_enable_color=&#8221;off&#8221; max_width=&#8221;65%&#8221; module_alignment=&#8221;left&#8221; custom_padding=&#8221;26px|||17px|false|false&#8221; global_colors_info=&#8221;{}&#8221;]<\/p>\n<h1 style=\"text-align: left;\"><strong><span style=\"color: #000000;\">TALLERES<\/span><\/strong><\/h1>\n<p>[\/et_pb_text][\/et_pb_column][\/et_pb_row][\/et_pb_section][et_pb_section fb_built=&#8221;1&#8243; _builder_version=&#8221;4.16&#8243; global_colors_info=&#8221;{}&#8221;][et_pb_row _builder_version=&#8221;4.16&#8243; global_colors_info=&#8221;{}&#8221;][et_pb_column type=&#8221;4_4&#8243; _builder_version=&#8221;4.16&#8243; global_colors_info=&#8221;{}&#8221;][et_pb_text _builder_version=&#8221;4.17.4&#8243; text_font_size=&#8221;16px&#8221; global_colors_info=&#8221;{}&#8221;]<\/p>\n<h2 class=\"section-title\" style=\"text-align: center; font-size: 40px;\"><strong>JORNADA DE PUERTAS ABIERTAS DEL CAMPUS SANT JOAN D\u00b4ALACANT 2024<\/strong><\/h2>\n<p style=\"text-align: center; font-size: 20px;\"><strong>UNIVERSIDAD MIGUEL HERN\u00c1NDEZ DE ELCHE<\/strong><\/p>\n<p>[\/et_pb_text][\/et_pb_column][\/et_pb_row][et_pb_row column_structure=&#8221;1_2,1_2&#8243; disabled_on=&#8221;on|on|on&#8221; _builder_version=&#8221;4.16&#8243; disabled=&#8221;on&#8221; global_colors_info=&#8221;{}&#8221;][et_pb_column type=&#8221;1_2&#8243; _builder_version=&#8221;4.16&#8243; global_colors_info=&#8221;{}&#8221;][et_pb_text _builder_version=&#8221;4.16&#8243; text_font_size=&#8221;16px&#8221; global_colors_info=&#8221;{}&#8221;]<\/p>\n<p style=\"text-align: justify;font-size: 16px\"><strong>Lunes 13 de diciembre del 2021 de 10:00 a 20:00 horas y martes 14 de diciembre del 2021 de 9:30 a 19:15 horas.<\/strong> Organizadas por el Decanato de la Facultad de Medicina. Estas jornadas est\u00e1n dirigidas a la comunidad universitaria (alumnos, profesores e investigadores), a todo el personal externo con inter\u00e9s en la innovaci\u00f3n docente y en la simulaci\u00f3n clinica como herramienta pedag\u00f3gica.<\/p>\n<ul>\n<li style=\"font-size: 16px;text-align: left\">Enlace al streaming de las jornadas:\u00a0<span style=\"color: #0000ff\"><a href=\"https:\/\/zoom.us\/j\/91955208379\" style=\"color: #0000ff\">https:\/\/zoom.us\/j\/91955208379<\/a><\/span><\/li>\n<\/ul>\n<p>[\/et_pb_text][\/et_pb_column][et_pb_column type=&#8221;1_2&#8243; _builder_version=&#8221;4.16&#8243; global_colors_info=&#8221;{}&#8221;][et_pb_video src=&#8221;https:\/\/www.youtube.com\/watch?v=0w620HwCbZs&#8221; _builder_version=&#8221;4.16&#8243; global_colors_info=&#8221;{}&#8221;][\/et_pb_video][\/et_pb_column][\/et_pb_row][et_pb_row _builder_version=&#8221;4.17.4&#8243; _module_preset=&#8221;default&#8221; global_colors_info=&#8221;{}&#8221;][et_pb_column type=&#8221;4_4&#8243; _builder_version=&#8221;4.17.4&#8243; _module_preset=&#8221;default&#8221; global_colors_info=&#8221;{}&#8221;][et_pb_text _builder_version=&#8221;4.17.4&#8243; _module_preset=&#8221;default&#8221; text_font_size=&#8221;18px&#8221; hover_enabled=&#8221;0&#8243; global_colors_info=&#8221;{}&#8221; sticky_enabled=&#8221;0&#8243;]<a href=\"https:\/\/jpacsj.umh.es\/files\/2024\/10\/Carteles-talleres-JPA-CS-2024.pdf\" target=\"_blank\" rel=\"noopener\">Descarga los carteles de los talleres desde este enlace<\/a>[\/et_pb_text][\/et_pb_column][\/et_pb_row][et_pb_row column_structure=&#8221;1_3,1_3,1_3&#8243; use_custom_gutter=&#8221;on&#8221; gutter_width=&#8221;2&#8243; make_equal=&#8221;on&#8221; _builder_version=&#8221;4.17.4&#8243; _module_preset=&#8221;default&#8221; module_alignment=&#8221;center&#8221; global_colors_info=&#8221;{}&#8221;][et_pb_column type=&#8221;1_3&#8243; _builder_version=&#8221;4.17.4&#8243; _module_preset=&#8221;default&#8221; global_colors_info=&#8221;{}&#8221;][et_pb_image src=&#8221;https:\/\/jpacsj.umh.es\/files\/2024\/09\/Carteles-puertas-talleres-JPA-CS-2024_Pagina_01.jpg&#8221; title_text=&#8221;Carteles puertas talleres JPA-CS 2024_P\u00e1gina_01&#8243; align=&#8221;center&#8221; _builder_version=&#8221;4.17.4&#8243; _module_preset=&#8221;default&#8221; border_radii=&#8221;on|10px|10px|10px|10px&#8221; box_shadow_style=&#8221;preset6&#8243; global_colors_info=&#8221;{}&#8221;][\/et_pb_image][\/et_pb_column][et_pb_column type=&#8221;1_3&#8243; _builder_version=&#8221;4.17.4&#8243; _module_preset=&#8221;default&#8221; global_colors_info=&#8221;{}&#8221;][et_pb_image src=&#8221;https:\/\/jpacsj.umh.es\/files\/2024\/09\/Carteles-puertas-talleres-JPA-CS-2024_Pagina_02.jpg&#8221; title_text=&#8221;Carteles puertas talleres JPA-CS 2024_P\u00e1gina_02&#8243; align=&#8221;center&#8221; _builder_version=&#8221;4.17.4&#8243; _module_preset=&#8221;default&#8221; border_radii=&#8221;on|10px|10px|10px|10px&#8221; box_shadow_style=&#8221;preset6&#8243; global_colors_info=&#8221;{}&#8221;][\/et_pb_image][\/et_pb_column][et_pb_column type=&#8221;1_3&#8243; _builder_version=&#8221;4.17.4&#8243; _module_preset=&#8221;default&#8221; global_colors_info=&#8221;{}&#8221;][et_pb_image src=&#8221;https:\/\/jpacsj.umh.es\/files\/2024\/09\/Carteles-puertas-talleres-JPA-CS-2024_Pagina_03-scaled.jpg&#8221; title_text=&#8221;Carteles puertas talleres JPA-CS 2024_P\u00e1gina_03&#8243; align=&#8221;center&#8221; _builder_version=&#8221;4.17.4&#8243; _module_preset=&#8221;default&#8221; border_radii=&#8221;on|10px|10px|10px|10px&#8221; box_shadow_style=&#8221;preset6&#8243; global_colors_info=&#8221;{}&#8221;][\/et_pb_image][\/et_pb_column][\/et_pb_row][et_pb_row column_structure=&#8221;1_3,1_3,1_3&#8243; use_custom_gutter=&#8221;on&#8221; gutter_width=&#8221;2&#8243; make_equal=&#8221;on&#8221; _builder_version=&#8221;4.17.4&#8243; _module_preset=&#8221;default&#8221; module_alignment=&#8221;center&#8221; global_colors_info=&#8221;{}&#8221;][et_pb_column type=&#8221;1_3&#8243; _builder_version=&#8221;4.17.4&#8243; _module_preset=&#8221;default&#8221; global_colors_info=&#8221;{}&#8221;][et_pb_image src=&#8221;https:\/\/jpacsj.umh.es\/files\/2024\/09\/Carteles-puertas-talleres-JPA-CS-2024_Pagina_04-scaled.jpg&#8221; title_text=&#8221;Carteles puertas talleres JPA-CS 2024_P\u00e1gina_04&#8243; align=&#8221;center&#8221; _builder_version=&#8221;4.17.4&#8243; _module_preset=&#8221;default&#8221; border_radii=&#8221;on|10px|10px|10px|10px&#8221; box_shadow_style=&#8221;preset6&#8243; global_colors_info=&#8221;{}&#8221;][\/et_pb_image][\/et_pb_column][et_pb_column type=&#8221;1_3&#8243; _builder_version=&#8221;4.17.4&#8243; _module_preset=&#8221;default&#8221; global_colors_info=&#8221;{}&#8221;][et_pb_image src=&#8221;https:\/\/jpacsj.umh.es\/files\/2024\/09\/Carteles-puertas-talleres-JPA-CS-2024_Pagina_05-scaled.jpg&#8221; title_text=&#8221;Carteles puertas talleres JPA-CS 2024_P\u00e1gina_05&#8243; align=&#8221;center&#8221; _builder_version=&#8221;4.17.4&#8243; _module_preset=&#8221;default&#8221; border_radii=&#8221;on|10px|10px|10px|10px&#8221; box_shadow_style=&#8221;preset6&#8243; global_colors_info=&#8221;{}&#8221;][\/et_pb_image][\/et_pb_column][et_pb_column type=&#8221;1_3&#8243; _builder_version=&#8221;4.17.4&#8243; _module_preset=&#8221;default&#8221; global_colors_info=&#8221;{}&#8221;][et_pb_image src=&#8221;https:\/\/jpacsj.umh.es\/files\/2024\/09\/Carteles-puertas-talleres-JPA-CS-2024_Pagina_06-scaled.jpg&#8221; title_text=&#8221;Carteles puertas talleres JPA-CS 2024_P\u00e1gina_06&#8243; align=&#8221;center&#8221; _builder_version=&#8221;4.17.4&#8243; _module_preset=&#8221;default&#8221; min_height=&#8221;235px&#8221; border_radii=&#8221;on|10px|10px|10px|10px&#8221; box_shadow_style=&#8221;preset6&#8243; global_colors_info=&#8221;{}&#8221;][\/et_pb_image][\/et_pb_column][\/et_pb_row][et_pb_row column_structure=&#8221;1_3,1_3,1_3&#8243; use_custom_gutter=&#8221;on&#8221; gutter_width=&#8221;2&#8243; make_equal=&#8221;on&#8221; _builder_version=&#8221;4.17.4&#8243; _module_preset=&#8221;default&#8221; module_alignment=&#8221;center&#8221; global_colors_info=&#8221;{}&#8221;][et_pb_column type=&#8221;1_3&#8243; _builder_version=&#8221;4.17.4&#8243; _module_preset=&#8221;default&#8221; global_colors_info=&#8221;{}&#8221;][et_pb_image src=&#8221;https:\/\/jpacsj.umh.es\/files\/2024\/09\/Carteles-puertas-talleres-JPA-CS-2024_Pagina_07-scaled.jpg&#8221; title_text=&#8221;Carteles puertas talleres JPA-CS 2024_P\u00e1gina_07&#8243; align=&#8221;center&#8221; _builder_version=&#8221;4.17.4&#8243; _module_preset=&#8221;default&#8221; border_radii=&#8221;on|10px|10px|10px|10px&#8221; box_shadow_style=&#8221;preset6&#8243; global_colors_info=&#8221;{}&#8221;][\/et_pb_image][\/et_pb_column][et_pb_column type=&#8221;1_3&#8243; _builder_version=&#8221;4.17.4&#8243; _module_preset=&#8221;default&#8221; global_colors_info=&#8221;{}&#8221;][et_pb_image src=&#8221;https:\/\/jpacsj.umh.es\/files\/2024\/09\/Carteles-puertas-talleres-JPA-CS-2024_Pagina_08-scaled.jpg&#8221; title_text=&#8221;Carteles puertas talleres JPA-CS 2024_P\u00e1gina_08&#8243; align=&#8221;center&#8221; _builder_version=&#8221;4.17.4&#8243; _module_preset=&#8221;default&#8221; border_radii=&#8221;on|10px|10px|10px|10px&#8221; box_shadow_style=&#8221;preset6&#8243; global_colors_info=&#8221;{}&#8221;][\/et_pb_image][\/et_pb_column][et_pb_column type=&#8221;1_3&#8243; _builder_version=&#8221;4.17.4&#8243; _module_preset=&#8221;default&#8221; global_colors_info=&#8221;{}&#8221;][et_pb_image src=&#8221;https:\/\/jpacsj.umh.es\/files\/2024\/09\/Carteles-puertas-talleres-JPA-CS-2024_Pagina_09-scaled.jpg&#8221; title_text=&#8221;Carteles puertas talleres JPA-CS 2024_P\u00e1gina_09&#8243; align=&#8221;center&#8221; _builder_version=&#8221;4.17.4&#8243; _module_preset=&#8221;default&#8221; border_radii=&#8221;on|10px|10px|10px|10px&#8221; box_shadow_style=&#8221;preset6&#8243; global_colors_info=&#8221;{}&#8221;][\/et_pb_image][\/et_pb_column][\/et_pb_row][et_pb_row column_structure=&#8221;1_3,1_3,1_3&#8243; use_custom_gutter=&#8221;on&#8221; gutter_width=&#8221;2&#8243; make_equal=&#8221;on&#8221; _builder_version=&#8221;4.17.4&#8243; _module_preset=&#8221;default&#8221; module_alignment=&#8221;center&#8221; global_colors_info=&#8221;{}&#8221;][et_pb_column type=&#8221;1_3&#8243; _builder_version=&#8221;4.17.4&#8243; _module_preset=&#8221;default&#8221; global_colors_info=&#8221;{}&#8221;][et_pb_image src=&#8221;https:\/\/jpacsj.umh.es\/files\/2024\/09\/Carteles-puertas-talleres-JPA-CS-2024_Pagina_10-scaled.jpg&#8221; title_text=&#8221;Carteles puertas talleres JPA-CS 2024_P\u00e1gina_10&#8243; align=&#8221;center&#8221; _builder_version=&#8221;4.17.4&#8243; _module_preset=&#8221;default&#8221; border_radii=&#8221;on|10px|10px|10px|10px&#8221; box_shadow_style=&#8221;preset6&#8243; global_colors_info=&#8221;{}&#8221;][\/et_pb_image][\/et_pb_column][et_pb_column type=&#8221;1_3&#8243; _builder_version=&#8221;4.17.4&#8243; _module_preset=&#8221;default&#8221; global_colors_info=&#8221;{}&#8221;][et_pb_image src=&#8221;https:\/\/jpacsj.umh.es\/files\/2024\/09\/Carteles-puertas-talleres-JPA-CS-2024_Pagina_11-scaled.jpg&#8221; title_text=&#8221;Carteles puertas talleres JPA-CS 2024_P\u00e1gina_11&#8243; align=&#8221;center&#8221; _builder_version=&#8221;4.17.4&#8243; _module_preset=&#8221;default&#8221; border_radii=&#8221;on|10px|10px|10px|10px&#8221; box_shadow_style=&#8221;preset6&#8243; global_colors_info=&#8221;{}&#8221;][\/et_pb_image][\/et_pb_column][et_pb_column type=&#8221;1_3&#8243; _builder_version=&#8221;4.17.4&#8243; _module_preset=&#8221;default&#8221; global_colors_info=&#8221;{}&#8221;][et_pb_image src=&#8221;https:\/\/jpacsj.umh.es\/files\/2024\/09\/Carteles-puertas-talleres-JPA-CS-2024_Pagina_12-scaled.jpg&#8221; title_text=&#8221;Carteles puertas talleres JPA-CS 2024_P\u00e1gina_12&#8243; align=&#8221;center&#8221; _builder_version=&#8221;4.17.4&#8243; _module_preset=&#8221;default&#8221; border_radii=&#8221;on|10px|10px|10px|10px&#8221; box_shadow_style=&#8221;preset6&#8243; global_colors_info=&#8221;{}&#8221;][\/et_pb_image][\/et_pb_column][\/et_pb_row][et_pb_row column_structure=&#8221;1_3,1_3,1_3&#8243; use_custom_gutter=&#8221;on&#8221; gutter_width=&#8221;2&#8243; make_equal=&#8221;on&#8221; _builder_version=&#8221;4.17.4&#8243; _module_preset=&#8221;default&#8221; module_alignment=&#8221;center&#8221; global_colors_info=&#8221;{}&#8221;][et_pb_column type=&#8221;1_3&#8243; _builder_version=&#8221;4.17.4&#8243; _module_preset=&#8221;default&#8221; global_colors_info=&#8221;{}&#8221;][et_pb_image src=&#8221;https:\/\/jpacsj.umh.es\/files\/2024\/09\/Carteles-puertas-talleres-JPA-CS-2024_Pagina_13-scaled.jpg&#8221; title_text=&#8221;Carteles puertas talleres JPA-CS 2024_P\u00e1gina_13&#8243; align=&#8221;center&#8221; _builder_version=&#8221;4.17.4&#8243; _module_preset=&#8221;default&#8221; border_radii=&#8221;on|10px|10px|10px|10px&#8221; box_shadow_style=&#8221;preset6&#8243; global_colors_info=&#8221;{}&#8221;][\/et_pb_image][\/et_pb_column][et_pb_column type=&#8221;1_3&#8243; _builder_version=&#8221;4.17.4&#8243; _module_preset=&#8221;default&#8221; global_colors_info=&#8221;{}&#8221;][et_pb_image src=&#8221;https:\/\/jpacsj.umh.es\/files\/2024\/09\/Carteles-puertas-talleres-JPA-CS-2024_Pagina_14.jpg&#8221; title_text=&#8221;Carteles puertas talleres JPA-CS 2024_P\u00e1gina_14&#8243; align=&#8221;center&#8221; _builder_version=&#8221;4.17.4&#8243; _module_preset=&#8221;default&#8221; border_radii=&#8221;on|10px|10px|10px|10px&#8221; box_shadow_style=&#8221;preset6&#8243; global_colors_info=&#8221;{}&#8221;][\/et_pb_image][\/et_pb_column][et_pb_column type=&#8221;1_3&#8243; _builder_version=&#8221;4.17.4&#8243; _module_preset=&#8221;default&#8221; global_colors_info=&#8221;{}&#8221;][et_pb_image src=&#8221;https:\/\/jpacsj.umh.es\/files\/2024\/09\/Carteles-puertas-talleres-JPA-CS-2024_Pagina_15.jpg&#8221; title_text=&#8221;Carteles puertas talleres JPA-CS 2024_P\u00e1gina_15&#8243; align=&#8221;center&#8221; _builder_version=&#8221;4.17.4&#8243; _module_preset=&#8221;default&#8221; border_radii=&#8221;on|10px|10px|10px|10px&#8221; box_shadow_style=&#8221;preset6&#8243; global_colors_info=&#8221;{}&#8221; disabled_on=&#8221;on|on|on&#8221; disabled=&#8221;on&#8221;][\/et_pb_image][\/et_pb_column][\/et_pb_row][et_pb_row disabled_on=&#8221;on|on|on&#8221; _builder_version=&#8221;4.16&#8243; disabled=&#8221;on&#8221; global_colors_info=&#8221;{}&#8221;][et_pb_column type=&#8221;4_4&#8243; _builder_version=&#8221;4.16&#8243; global_colors_info=&#8221;{}&#8221;][et_pb_text _builder_version=&#8221;4.16&#8243; text_font_size=&#8221;16px&#8221; global_colors_info=&#8221;{}&#8221;]<\/p>\n<p><b>Objetivos:<\/b><\/p>\n<ul>\n<li style=\"font-weight: 400\"><span style=\"font-weight: 400\">Fomentar la Innovaci\u00f3n en Educaci\u00f3n M\u00e9dica<\/span><\/li>\n<li style=\"font-weight: 400\"><span style=\"font-weight: 400\">Incrementar la simulaci\u00f3n cl\u00ednica en los docentes universitarios y profesionales en ciencias de la salud<\/span><\/li>\n<li style=\"font-weight: 400\"><span style=\"font-weight: 400\">Actualizar conocimientos Educaci\u00f3n M\u00e9dica sobre Simulaci\u00f3n Cl\u00ednica<\/span><\/li>\n<li style=\"font-weight: 400\"><span style=\"font-weight: 400\">Favorecer una visi\u00f3n global en el abordaje de la Educaci\u00f3n M\u00e9dica.<\/span><\/li>\n<\/ul>\n<p><b>Dirigido a:<\/b><\/p>\n<ul>\n<li style=\"font-weight: 400\"><span style=\"font-weight: 400\">Docentes universitarios y profesionales cl\u00ednicos de ciencias de la salud interesados en la Educaci\u00f3n M\u00e9dica y Simulaci\u00f3n Cl\u00ednica<\/span><\/li>\n<li style=\"font-weight: 400\"><span style=\"font-weight: 400\">Estudiantes de ciencias de la salud inquietos por la Educaci\u00f3n M\u00e9dica y Simulaci\u00f3n Cl\u00ednica.<\/span><\/li>\n<\/ul>\n<p><b>Organizado por:\u00a0<\/b><\/p>\n<ul>\n<li><span style=\"font-weight: 400\">Decanato Facultad de Medicina, Universidad Miguel Hern\u00e1ndez de Elche\u00a0<\/span><\/li>\n<\/ul>\n<p><b>Acreditaci\u00f3n<\/b><\/p>\n<p><span style=\"font-weight: 400\">Solicitada acreditaci\u00f3n a la Comisi\u00f3n de Formaci\u00f3n Continuada de las Profesiones Sanitarias de la Consejer\u00eda de Sanidad de la Comunidad de Valenciana, Sistema Nacional de Salud.\u00a0<\/span><\/p>\n<p><span style=\"font-weight: 400\">Solicitada acreditaci\u00f3n a la Universidad Miguel Hern\u00e1ndez de Elche<\/span><\/p>\n<p><b>Inscripci\u00f3n:\u00a0<\/b><\/p>\n<p><span style=\"font-weight: 400\">Gratuita a trav\u00e9s del siguiente enlace:\u00a0<span style=\"color: #0000ff\"><a href=\"https:\/\/bit.ly\/3D3eeH4\" target=\"_blank\" rel=\"noopener noreferrer\" style=\"color: #0000ff\">https:\/\/bit.ly\/3D3eeH4<\/a><\/span><\/span><\/p>\n<p><b>Financiaci\u00f3n:<\/b><\/p>\n<p><span style=\"font-weight: 400\">La presente jornada esta financiado con fondos procedentes de la ayuda AORG\/2021\/091 de la <\/span><i><span style=\"font-weight: 400\">Conseller\u00eda de Innovaci\u00f3n, Universidades, Ciencia y Sociedad Digital de la Generalitat Valenciana<\/span><\/i><\/p>\n<p><strong>Lugar:\u00a0<\/strong>Sal\u00f3n de actos. Edificio Severo Ochoa. Campus Miguel Hern\u00e1ndez de Elche<\/p>\n<p>[\/et_pb_text][\/et_pb_column][\/et_pb_row][et_pb_row column_structure=&#8221;3_5,2_5&#8243; disabled_on=&#8221;on|on|on&#8221; _builder_version=&#8221;4.16&#8243; disabled=&#8221;on&#8221; global_colors_info=&#8221;{}&#8221;][et_pb_column type=&#8221;3_5&#8243; _builder_version=&#8221;4.16&#8243; global_colors_info=&#8221;{}&#8221;][et_pb_text _builder_version=&#8221;4.16&#8243; global_colors_info=&#8221;{}&#8221;]<\/p>\n<p style=\"text-align: justify;font-size: 16px\">Gracias por asistir a estas Jornadas de Educaci\u00f3n M\u00e9dica 2021. En la UNIVERSIDAD MIGUEL HERN\u00c1NDEZ tenemos el compromiso de la mejora continua de cara a la organizaci\u00f3n de futuras actividades. Muchas gracias por vuestra colaboraci\u00f3n.<\/p>\n<p>[\/et_pb_text][\/et_pb_column][et_pb_column type=&#8221;2_5&#8243; _builder_version=&#8221;4.16&#8243; global_colors_info=&#8221;{}&#8221;][et_pb_button button_url=&#8221;https:\/\/forms.gle\/6yfKvHQezqcnbN1y8&#8243; button_text=&#8221;CUESTIONARIO DE SATSIFACCI\u00d3N&#8221; button_alignment=&#8221;center&#8221; _builder_version=&#8221;4.16&#8243; custom_button=&#8221;on&#8221; button_text_color=&#8221;#ffffff&#8221; button_bg_color=&#8221;#2c6dc9&#8243; button_icon=&#8221;&#x3d;||divi||400&#8243; button_on_hover=&#8221;off&#8221; background_layout=&#8221;dark&#8221; global_colors_info=&#8221;{}&#8221;][\/et_pb_button][\/et_pb_column][\/et_pb_row][et_pb_row column_structure=&#8221;1_3,1_3,1_3&#8243; _builder_version=&#8221;4.16&#8243; global_colors_info=&#8221;{}&#8221;][et_pb_column type=&#8221;1_3&#8243; _builder_version=&#8221;4.16&#8243; global_colors_info=&#8221;{}&#8221;][\/et_pb_column][et_pb_column type=&#8221;1_3&#8243; _builder_version=&#8221;4.16&#8243; global_colors_info=&#8221;{}&#8221;][et_pb_image src=&#8221;https:\/\/jpacsj.umh.es\/files\/2024\/09\/Conselleria-de-Educacion-Cultura-Universidades-y-Empleo-CMYK.png&#8221; title_text=&#8221;Conselleria de Educaci\u00f3n, Cultura, Universidades y Empleo, CMYK&#8221; _builder_version=&#8221;4.17.4&#8243; global_colors_info=&#8221;{}&#8221;][\/et_pb_image][\/et_pb_column][et_pb_column type=&#8221;1_3&#8243; _builder_version=&#8221;4.16&#8243; global_colors_info=&#8221;{}&#8221;][\/et_pb_column][\/et_pb_row][\/et_pb_section]<\/p>\n","protected":false},"excerpt":{"rendered":"<p>TALLERESJORNADA DE PUERTAS ABIERTAS DEL CAMPUS SANT JOAN D\u00b4ALACANT 2024 UNIVERSIDAD MIGUEL HERN\u00c1NDEZ DE ELCHELunes 13 de diciembre del 2021 de 10:00 a 20:00 horas y martes 14 de diciembre del 2021 de 9:30 a 19:15 horas. Organizadas por el Decanato de la Facultad de Medicina. Estas jornadas est\u00e1n dirigidas a la comunidad universitaria (alumnos, [&hellip;]<\/p>\n","protected":false},"author":3782,"featured_media":0,"parent":0,"menu_order":0,"comment_status":"closed","ping_status":"closed","template":"","meta":{"_et_pb_use_builder":"on","_et_pb_old_content":"","_et_gb_content_width":"","_links_to":"","_links_to_target":""},"_links":{"self":[{"href":"https:\/\/jpacsj.umh.es\/ca\/wp-json\/wp\/v2\/pages\/2591"}],"collection":[{"href":"https:\/\/jpacsj.umh.es\/ca\/wp-json\/wp\/v2\/pages"}],"about":[{"href":"https:\/\/jpacsj.umh.es\/ca\/wp-json\/wp\/v2\/types\/page"}],"author":[{"embeddable":true,"href":"https:\/\/jpacsj.umh.es\/ca\/wp-json\/wp\/v2\/users\/3782"}],"replies":[{"embeddable":true,"href":"https:\/\/jpacsj.umh.es\/ca\/wp-json\/wp\/v2\/comments?post=2591"}],"version-history":[{"count":0,"href":"https:\/\/jpacsj.umh.es\/ca\/wp-json\/wp\/v2\/pages\/2591\/revisions"}],"wp:attachment":[{"href":"https:\/\/jpacsj.umh.es\/ca\/wp-json\/wp\/v2\/media?parent=2591"}],"curies":[{"name":"wp","href":"https:\/\/api.w.org\/{rel}","templated":true}]}}