{"id":13,"date":"2021-11-29T09:32:44","date_gmt":"2021-11-29T09:32:44","guid":{"rendered":"https:\/\/jornadasdeeducacionmedica.umh.es\/?page_id=13"},"modified":"2025-11-04T12:05:50","modified_gmt":"2025-11-04T11:05:50","slug":"inicio","status":"publish","type":"page","link":"https:\/\/jpacsj.umh.es\/ca\/","title":{"rendered":"Inicio"},"content":{"rendered":"<p>[et_pb_section fb_built=&#8221;1&#8243; _builder_version=&#8221;4.17.4&#8243; background_image=&#8221;https:\/\/jpacsj.umh.es\/files\/2024\/09\/Di\u0301pticoCS-2024_Pagina_2.jpg&#8221; global_module=&#8221;136&#8243; saved_tabs=&#8221;all&#8221; global_colors_info=&#8221;{}&#8221;][et_pb_row _builder_version=&#8221;4.17.4&#8243; global_colors_info=&#8221;{}&#8221;][et_pb_column type=&#8221;4_4&#8243; _builder_version=&#8221;4.17.4&#8243; global_colors_info=&#8221;{}&#8221;][et_pb_text _builder_version=&#8221;4.17.4&#8243; text_font=&#8221;|600|||||||&#8221; text_text_color=&#8221;#ffffff&#8221; background_enable_color=&#8221;off&#8221; max_width=&#8221;65%&#8221; module_alignment=&#8221;left&#8221; custom_padding=&#8221;26px|||17px|false|false&#8221; global_colors_info=&#8221;{}&#8221;]<\/p>\n<h1 style=\"text-align: left;\"><strong><span style=\"color: #000000;\">INICIO<\/span><\/strong><\/h1>\n<p>[\/et_pb_text][\/et_pb_column][\/et_pb_row][\/et_pb_section][et_pb_section fb_built=&#8221;1&#8243; _builder_version=&#8221;4.16&#8243; global_colors_info=&#8221;{}&#8221;][et_pb_row _builder_version=&#8221;4.16&#8243; global_colors_info=&#8221;{}&#8221;][et_pb_column type=&#8221;4_4&#8243; _builder_version=&#8221;4.16&#8243; global_colors_info=&#8221;{}&#8221;][et_pb_text _builder_version=&#8221;4.17.4&#8243; text_font_size=&#8221;16px&#8221; hover_enabled=&#8221;0&#8243; global_colors_info=&#8221;{}&#8221; sticky_enabled=&#8221;0&#8243;]<\/p>\n<h2 class=\"section-title\" style=\"text-align: center; font-size: 40px;\"><strong>JORNADA DE PUERTAS ABIERTAS DEL CAMPUS SANT JOAN D\u00b4ALACANT 2025<\/strong><\/h2>\n<p style=\"text-align: center; font-size: 20px;\"><strong>UNIVERSIDAD MIGUEL HERN\u00c1NDEZ DE ELCHE<\/strong><\/p>\n<p>[\/et_pb_text][\/et_pb_column][\/et_pb_row][et_pb_row _builder_version=&#8221;4.17.4&#8243; _module_preset=&#8221;default&#8221; column_structure=&#8221;1_5,3_5,1_5&#8243;][et_pb_column _builder_version=&#8221;4.17.4&#8243; _module_preset=&#8221;default&#8221; type=&#8221;1_5&#8243;][\/et_pb_column][et_pb_column _builder_version=&#8221;4.17.4&#8243; _module_preset=&#8221;default&#8221; type=&#8221;3_5&#8243;][et_pb_video src=&#8221;https:\/\/www.youtube.com\/watch?v=usvAPprKAFs&#038;feature=youtu.be&#8221; disabled_on=&#8221;off|off|off&#8221; _builder_version=&#8221;4.17.4&#8243; global_colors_info=&#8221;{}&#8221;][\/et_pb_video][\/et_pb_column][et_pb_column _builder_version=&#8221;4.17.4&#8243; _module_preset=&#8221;default&#8221; type=&#8221;1_5&#8243;][\/et_pb_column][\/et_pb_row][et_pb_row column_structure=&#8221;1_2,1_2&#8243; _builder_version=&#8221;4.16&#8243; global_colors_info=&#8221;{}&#8221;][et_pb_column type=&#8221;1_2&#8243; _builder_version=&#8221;4.16&#8243; global_colors_info=&#8221;{}&#8221;][et_pb_text disabled_on=&#8221;off|off|off&#8221; _builder_version=&#8221;4.17.4&#8243; text_font_size=&#8221;16px&#8221; global_colors_info=&#8221;{}&#8221;]<\/p>\n<p><b>Presentaci\u00f3n<\/b><\/p>\n<p style=\"text-align: justify; font-size: 16px;\">La <strong>Jornada de Puertas Abiertas del Campus de Sant Joan d\u00b4Alacant<\/strong> constituye una oportunidad \u00fanica para conocer de primera mano las instalaciones de las distintas titulaciones que ofrece la Facultad de Medicina de la Universidad Miguel Hern\u00e1ndez de Elche. Dirigida a futuros estudiantes, esta jornada ofrece un amplio abanico de talleres din\u00e1micos, donde profesores y alumnos interact\u00faan en un ambiente distendido, cercano y divertido.<strong>\u00a1Te esperamos para compartir una experiencia educativa \u00fanica!<\/strong><\/p>\n<p>[\/et_pb_text][et_pb_text _builder_version=&#8221;4.17.4&#8243; text_font_size=&#8221;16px&#8221; global_colors_info=&#8221;{}&#8221;]<\/p>\n<p><b>Fecha y lugar: <\/b><\/p>\n<ul>\n<li style=\"font-weight: 400;\"><span style=\"font-weight: 400;\">18 de Septiembre 2025 a partir de las 08:30 horas, en el edificio Severo Ochoa y Concepci\u00f3n Aleixandre del Campus de Sant Joan d\u2019Alacant.<br \/><\/span><\/li>\n<\/ul>\n<p>[\/et_pb_text][et_pb_text _builder_version=&#8221;4.17.4&#8243; text_font_size=&#8221;16px&#8221; global_colors_info=&#8221;{}&#8221;]<\/p>\n<p><iframe loading=\"lazy\" style=\"border: 0;\" src=\"https:\/\/www.google.com\/maps\/embed?pb=!1m18!1m12!1m3!1d4422.622000494492!2d-0.43301389650550937!3d38.38909809194994!2m3!1f0!2f0!3f0!3m2!1i1024!2i768!4f13.1!3m3!1m2!1s0xd6239f299ddd053%3A0xb1f2192ccf2ee1b!2sEDIFICIO%20SEVERO%20OCHOA!5e0!3m2!1ses!2ses!4v1727778890710!5m2!1ses!2ses\" width=\"600\" height=\"450\" allowfullscreen=\"allowfullscreen\"><\/iframe><\/p>\n<p>[\/et_pb_text][et_pb_text _builder_version=&#8221;4.17.4&#8243; text_font_size=&#8221;16px&#8221; global_colors_info=&#8221;{}&#8221;]<\/p>\n<p><b>Objetivos:<\/b><\/p>\n<ul>\n<li style=\"font-weight: 400;\"><span style=\"font-weight: 400;\"> Acercar a estudiantes de primaria, secundaria y bachillerato al mundo de Ciencias de la Salud en el d\u00eda oficial de la inauguraci\u00f3n del curso acad\u00e9mico 2025\/2026.<br \/><\/span><\/li>\n<li style=\"font-weight: 400;\"><span style=\"font-weight: 400;\">Contribuir al desarrollo de contenidos procedimentales propios de la ciencia, la manipulaci\u00f3n y la observaci\u00f3n, potenciando principalmente la curiosidad.<\/span><\/li>\n<\/ul>\n<p><b>Actividades a desarrollar:\u00a0<\/b><\/p>\n<ul>\n<li><span style=\"font-weight: 400;\">Talleres.<\/span><\/li>\n<li><span style=\"font-weight: 400;\">Exposici\u00f3n fotogr\u00e1fica sobre el cerebro humano.<\/span><\/li>\n<li><span style=\"font-weight: 400;\">Stands informativos.<\/span><\/li>\n<\/ul>\n<p><b>En esta edici\u00f3n contaremos con diversos talleres sobre estas tem\u00e1ticas:<\/b><\/p>\n<ul>\n<li><span style=\"font-weight: 400;\">A\u00f1ade un fisioterapeuta a tu deporte<\/span><\/li>\n<li><span style=\"font-weight: 400;\">Anatom\u00eda Humana<\/span><\/li>\n<li><span style=\"font-weight: 400;\">Experimentos de F\u00edsica<\/span><\/li>\n<li><span style=\"font-weight: 400;\">Conoce tu destreza manual y tus habilidades cognitivas<\/span><\/li>\n<li><span style=\"font-weight: 400;\">En sus zapatos<\/span><\/li>\n<li><span style=\"font-weight: 400;\"> Extra-parto SIM: Atenci\u00f3n al parto extrahospitalario <\/span><\/li>\n<li><span style=\"font-weight: 400;\">EXPERMED: Experimentando con la medicina<\/span><\/li>\n<li><span style=\"font-weight: 400;\">RCP b\u00e1sica<\/span><\/li>\n<li><span style=\"font-weight: 400;\">Taller de habilidades m\u00e9dico-quir\u00fargicas<\/span><\/li>\n<li><span style=\"font-weight: 400;\">Taller experimental de la visi\u00f3n<\/span><\/li>\n<li><span style=\"font-weight: 400;\">Tel\u00f3mero, \u00bfy eso qu\u00e9 es?<\/span><\/li>\n<li><span style=\"font-weight: 400;\">\u00a1Urgente! \u00bfQu\u00e9 tenemos que hacer ante un atragantamiento?<\/span><\/li>\n<li><span style=\"font-weight: 400;\">Conoce tu espalda: Invirtiendo en salud<\/span><\/li>\n<li><span style=\"font-weight: 400;\">Embriolog\u00eda humana y experimental<\/span><\/li>\n<li>Sol y Salud<\/li>\n<li>Cianotoxinas vs. Salud<\/li>\n<li>\u00bfLa manzanilla es un alimento o un medicanto?<\/li>\n<li>Aprende anatom\u00eda con realidad virtual<\/li>\n<li>Identificaci\u00f3n de grupo sangu\u00edneo<\/li>\n<li>\u00a1Se pod\u00f3logo deportivo por un d\u00eda!<\/li>\n<li>Parasitolog\u00eda humana<\/li>\n<\/ul>\n<p>[\/et_pb_text][\/et_pb_column][et_pb_column type=&#8221;1_2&#8243; _builder_version=&#8221;4.16&#8243; global_colors_info=&#8221;{}&#8221;][et_pb_video src=&#8221;https:\/\/www.youtube.com\/watch?v=NPtgyoVK610&#8243; disabled_on=&#8221;off|off|off&#8221; _builder_version=&#8221;4.17.4&#8243; global_colors_info=&#8221;{}&#8221;][\/et_pb_video][et_pb_button button_url=&#8221;https:\/\/jpacsj.umh.es\/inscripcion\/&#8221; button_text=&#8221;Inscripciones abiertas&#8221; button_alignment=&#8221;center&#8221; disabled_on=&#8221;on|on|on&#8221; _builder_version=&#8221;4.17.4&#8243; _module_preset=&#8221;default&#8221; custom_button=&#8221;on&#8221; button_text_size=&#8221;26px&#8221; button_text_color=&#8221;#FFFFFF&#8221; button_bg_color=&#8221;#E02B20&#8243; disabled=&#8221;on&#8221; global_colors_info=&#8221;{}&#8221;][\/et_pb_button][et_pb_image src=&#8221;https:\/\/jpacsj.umh.es\/files\/2025\/06\/Cartel-JPA-CSJ-2025.png&#8221; title_text=&#8221;Cartel JPA-CSJ 2025&#8243; _builder_version=&#8221;4.17.4&#8243; _module_preset=&#8221;default&#8221; global_colors_info=&#8221;{}&#8221;][\/et_pb_image][et_pb_image src=&#8221;https:\/\/jpacsj.umh.es\/files\/2025\/06\/IMG_0872-1.jpeg&#8221; title_text=&#8221;IMG_0872&#8243; align=&#8221;center&#8221; _builder_version=&#8221;4.17.4&#8243; _module_preset=&#8221;default&#8221; global_colors_info=&#8221;{}&#8221;][\/et_pb_image][et_pb_image src=&#8221;https:\/\/jpacsj.umh.es\/files\/2025\/06\/IMG_0873.jpeg&#8221; title_text=&#8221;IMG_0873&#8243; align=&#8221;center&#8221; _builder_version=&#8221;4.17.4&#8243; _module_preset=&#8221;default&#8221; global_colors_info=&#8221;{}&#8221;][\/et_pb_image][et_pb_image src=&#8221;https:\/\/jpacsj.umh.es\/files\/2025\/06\/IMG_0874.jpeg&#8221; title_text=&#8221;IMG_0874&#8243; align=&#8221;center&#8221; _builder_version=&#8221;4.17.4&#8243; _module_preset=&#8221;default&#8221; global_colors_info=&#8221;{}&#8221;][\/et_pb_image][et_pb_text disabled_on=&#8221;on|on|on&#8221; _builder_version=&#8221;4.17.4&#8243; _module_preset=&#8221;default&#8221; disabled=&#8221;on&#8221; global_colors_info=&#8221;{}&#8221;]<\/p>\n<p><iframe loading=\"lazy\" title=\"YouTube video player\" src=\"https:\/\/www.youtube.com\/embed\/nUMkDLy6akg?si=lTxT7MqRNiV2e6o7&amp;start=37&amp;end=132&amp;version=3\" width=\"560\" height=\"315\" frameborder=\"0\" allowfullscreen=\"allowfullscreen\"><\/iframe><\/p>\n<p>[\/et_pb_text][\/et_pb_column][\/et_pb_row][et_pb_row disabled_on=&#8221;on|on|on&#8221; _builder_version=&#8221;4.16&#8243; disabled=&#8221;on&#8221; global_colors_info=&#8221;{}&#8221;][et_pb_column type=&#8221;4_4&#8243; _builder_version=&#8221;4.16&#8243; global_colors_info=&#8221;{}&#8221;][et_pb_text _builder_version=&#8221;4.17.4&#8243; _module_preset=&#8221;default&#8221; global_colors_info=&#8221;{}&#8221;]<a href=\"https:\/\/jpacsj.umh.es\/files\/2024\/09\/Carteles-puertas-talleres-JPA-CS-2024.pdf\" target=\"_blank\" rel=\"noopener\">Descarga los carteles de los talleres desde este enlace<\/a><\/p>\n<p><iframe loading=\"lazy\" src=\"https:\/\/jpacsj.umh.es\/files\/2024\/09\/Carteles-puertas-talleres-JPA-CS-2024.pdf\" width=\"100%\" height=\"1120px\"><\/iframe>[\/et_pb_text][\/et_pb_column][\/et_pb_row][et_pb_row column_structure=&#8221;1_3,1_3,1_3&#8243; use_custom_gutter=&#8221;on&#8221; gutter_width=&#8221;2&#8243; make_equal=&#8221;on&#8221; disabled_on=&#8221;on|on|on&#8221; _builder_version=&#8221;4.17.4&#8243; _module_preset=&#8221;default&#8221; disabled=&#8221;on&#8221; global_colors_info=&#8221;{}&#8221;][et_pb_column type=&#8221;1_3&#8243; _builder_version=&#8221;4.17.4&#8243; _module_preset=&#8221;default&#8221; global_colors_info=&#8221;{}&#8221;][et_pb_image src=&#8221;https:\/\/jpacsj.umh.es\/files\/2024\/09\/Carteles-puertas-talleres-JPA-CS-2024_Pagina_01.jpg&#8221; title_text=&#8221;Carteles puertas talleres JPA-CS 2024_P\u00e1gina_01&#8243; _builder_version=&#8221;4.17.4&#8243; _module_preset=&#8221;default&#8221; global_colors_info=&#8221;{}&#8221;][\/et_pb_image][\/et_pb_column][et_pb_column type=&#8221;1_3&#8243; _builder_version=&#8221;4.17.4&#8243; _module_preset=&#8221;default&#8221; global_colors_info=&#8221;{}&#8221;][et_pb_image src=&#8221;https:\/\/jpacsj.umh.es\/files\/2024\/09\/Carteles-puertas-talleres-JPA-CS-2024_Pagina_02.jpg&#8221; title_text=&#8221;Carteles puertas talleres JPA-CS 2024_P\u00e1gina_02&#8243; _builder_version=&#8221;4.17.4&#8243; _module_preset=&#8221;default&#8221; custom_padding=&#8221;0px|||||&#8221; global_colors_info=&#8221;{}&#8221;][\/et_pb_image][\/et_pb_column][et_pb_column type=&#8221;1_3&#8243; _builder_version=&#8221;4.17.4&#8243; _module_preset=&#8221;default&#8221; global_colors_info=&#8221;{}&#8221;][et_pb_image src=&#8221;https:\/\/jpacsj.umh.es\/files\/2024\/09\/Carteles-puertas-talleres-JPA-CS-2024_Pagina_03-scaled.jpg&#8221; title_text=&#8221;Carteles puertas talleres JPA-CS 2024_P\u00e1gina_03&#8243; _builder_version=&#8221;4.17.4&#8243; _module_preset=&#8221;default&#8221; custom_padding=&#8221;0px|||||&#8221; global_colors_info=&#8221;{}&#8221;][\/et_pb_image][\/et_pb_column][\/et_pb_row][et_pb_row column_structure=&#8221;1_3,1_3,1_3&#8243; use_custom_gutter=&#8221;on&#8221; gutter_width=&#8221;2&#8243; make_equal=&#8221;on&#8221; disabled_on=&#8221;on|on|on&#8221; _builder_version=&#8221;4.17.4&#8243; _module_preset=&#8221;default&#8221; disabled=&#8221;on&#8221; global_colors_info=&#8221;{}&#8221;][et_pb_column type=&#8221;1_3&#8243; _builder_version=&#8221;4.17.4&#8243; _module_preset=&#8221;default&#8221; global_colors_info=&#8221;{}&#8221;][et_pb_image src=&#8221;https:\/\/jpacsj.umh.es\/files\/2024\/09\/Carteles-puertas-talleres-JPA-CS-2024_Pagina_04-scaled.jpg&#8221; title_text=&#8221;Carteles puertas talleres JPA-CS 2024_P\u00e1gina_04&#8243; _builder_version=&#8221;4.17.4&#8243; _module_preset=&#8221;default&#8221; global_colors_info=&#8221;{}&#8221;][\/et_pb_image][\/et_pb_column][et_pb_column type=&#8221;1_3&#8243; _builder_version=&#8221;4.17.4&#8243; _module_preset=&#8221;default&#8221; global_colors_info=&#8221;{}&#8221;][et_pb_image src=&#8221;https:\/\/jpacsj.umh.es\/files\/2024\/09\/Carteles-puertas-talleres-JPA-CS-2024_Pagina_05-scaled.jpg&#8221; title_text=&#8221;Carteles puertas talleres JPA-CS 2024_P\u00e1gina_05&#8243; _builder_version=&#8221;4.17.4&#8243; _module_preset=&#8221;default&#8221; custom_padding=&#8221;0px|||||&#8221; global_colors_info=&#8221;{}&#8221;][\/et_pb_image][\/et_pb_column][et_pb_column type=&#8221;1_3&#8243; _builder_version=&#8221;4.17.4&#8243; _module_preset=&#8221;default&#8221; global_colors_info=&#8221;{}&#8221;][et_pb_image src=&#8221;https:\/\/jpacsj.umh.es\/files\/2024\/09\/Carteles-puertas-talleres-JPA-CS-2024_Pagina_06-scaled.jpg&#8221; title_text=&#8221;Carteles puertas talleres JPA-CS 2024_P\u00e1gina_06&#8243; _builder_version=&#8221;4.17.4&#8243; _module_preset=&#8221;default&#8221; custom_padding=&#8221;0px|||||&#8221; global_colors_info=&#8221;{}&#8221;][\/et_pb_image][\/et_pb_column][\/et_pb_row][et_pb_row column_structure=&#8221;1_3,1_3,1_3&#8243; use_custom_gutter=&#8221;on&#8221; gutter_width=&#8221;2&#8243; make_equal=&#8221;on&#8221; disabled_on=&#8221;on|on|on&#8221; _builder_version=&#8221;4.17.4&#8243; _module_preset=&#8221;default&#8221; disabled=&#8221;on&#8221; global_colors_info=&#8221;{}&#8221;][et_pb_column type=&#8221;1_3&#8243; _builder_version=&#8221;4.17.4&#8243; _module_preset=&#8221;default&#8221; global_colors_info=&#8221;{}&#8221;][et_pb_image src=&#8221;https:\/\/jpacsj.umh.es\/files\/2024\/09\/Carteles-puertas-talleres-JPA-CS-2024_Pagina_07-scaled.jpg&#8221; title_text=&#8221;Carteles puertas talleres JPA-CS 2024_P\u00e1gina_07&#8243; _builder_version=&#8221;4.17.4&#8243; _module_preset=&#8221;default&#8221; global_colors_info=&#8221;{}&#8221;][\/et_pb_image][\/et_pb_column][et_pb_column type=&#8221;1_3&#8243; _builder_version=&#8221;4.17.4&#8243; _module_preset=&#8221;default&#8221; global_colors_info=&#8221;{}&#8221;][et_pb_image src=&#8221;https:\/\/jpacsj.umh.es\/files\/2024\/09\/Carteles-puertas-talleres-JPA-CS-2024_Pagina_08-scaled.jpg&#8221; title_text=&#8221;Carteles puertas talleres JPA-CS 2024_P\u00e1gina_08&#8243; _builder_version=&#8221;4.17.4&#8243; _module_preset=&#8221;default&#8221; custom_padding=&#8221;0px|||||&#8221; global_colors_info=&#8221;{}&#8221;][\/et_pb_image][\/et_pb_column][et_pb_column type=&#8221;1_3&#8243; _builder_version=&#8221;4.17.4&#8243; _module_preset=&#8221;default&#8221; global_colors_info=&#8221;{}&#8221;][et_pb_image src=&#8221;https:\/\/jpacsj.umh.es\/files\/2024\/09\/Carteles-puertas-talleres-JPA-CS-2024_Pagina_09-scaled.jpg&#8221; title_text=&#8221;Carteles puertas talleres JPA-CS 2024_P\u00e1gina_09&#8243; _builder_version=&#8221;4.17.4&#8243; _module_preset=&#8221;default&#8221; custom_padding=&#8221;0px|||||&#8221; global_colors_info=&#8221;{}&#8221;][\/et_pb_image][\/et_pb_column][\/et_pb_row][et_pb_row column_structure=&#8221;3_5,2_5&#8243; _builder_version=&#8221;4.16&#8243; global_colors_info=&#8221;{}&#8221;][et_pb_column type=&#8221;3_5&#8243; _builder_version=&#8221;4.16&#8243; global_colors_info=&#8221;{}&#8221;][et_pb_text disabled_on=&#8221;on|on|on&#8221; _builder_version=&#8221;4.17.4&#8243; disabled=&#8221;on&#8221; global_colors_info=&#8221;{}&#8221;]<\/p>\n<p style=\"text-align: justify;font-size: 16px\">Gracias por asistir a estas Jornadas de Educaci\u00f3n M\u00e9dica 2023. En la UNIVERSIDAD MIGUEL HERN\u00c1NDEZ tenemos el compromiso de la mejora continua de cara a la organizaci\u00f3n de futuras actividades. Muchas gracias por vuestra colaboraci\u00f3n.<\/p>\n<p>[\/et_pb_text][\/et_pb_column][et_pb_column type=&#8221;2_5&#8243; _builder_version=&#8221;4.16&#8243; global_colors_info=&#8221;{}&#8221;][et_pb_button button_url=&#8221;https:\/\/forms.gle\/6yfKvHQezqcnbN1y8&#8243; button_text=&#8221;CUESTIONARIO DE SATSIFACCI\u00d3N&#8221; button_alignment=&#8221;center&#8221; disabled_on=&#8221;on|on|on&#8221; _builder_version=&#8221;4.17.4&#8243; custom_button=&#8221;on&#8221; button_text_color=&#8221;#ffffff&#8221; button_bg_color=&#8221;#2c6dc9&#8243; button_icon=&#8221;&#x3d;||divi||400&#8243; button_on_hover=&#8221;off&#8221; background_layout=&#8221;dark&#8221; disabled=&#8221;on&#8221; global_colors_info=&#8221;{}&#8221;][\/et_pb_button][\/et_pb_column][\/et_pb_row][et_pb_row column_structure=&#8221;1_3,1_3,1_3&#8243; _builder_version=&#8221;4.16&#8243; global_colors_info=&#8221;{}&#8221;][et_pb_column type=&#8221;1_3&#8243; _builder_version=&#8221;4.16&#8243; global_colors_info=&#8221;{}&#8221;][\/et_pb_column][et_pb_column type=&#8221;1_3&#8243; _builder_version=&#8221;4.16&#8243; global_colors_info=&#8221;{}&#8221;][et_pb_image src=&#8221;https:\/\/jpacsj.umh.es\/files\/2024\/09\/Conselleria-de-Educacion-Cultura-Universidades-y-Empleo-CMYK.png&#8221; title_text=&#8221;Conselleria de Educaci\u00f3n, Cultura, Universidades y Empleo, CMYK&#8221; show_bottom_space=&#8221;off&#8221; _builder_version=&#8221;4.17.4&#8243; global_colors_info=&#8221;{}&#8221;][\/et_pb_image][\/et_pb_column][et_pb_column type=&#8221;1_3&#8243; _builder_version=&#8221;4.16&#8243; global_colors_info=&#8221;{}&#8221;][\/et_pb_column][\/et_pb_row][et_pb_row _builder_version=&#8221;4.17.4&#8243; _module_preset=&#8221;default&#8221; custom_padding=&#8221;38px||9px|||&#8221; global_colors_info=&#8221;{}&#8221;][et_pb_column type=&#8221;4_4&#8243; _builder_version=&#8221;4.17.4&#8243; _module_preset=&#8221;default&#8221; global_colors_info=&#8221;{}&#8221;][\/et_pb_column][\/et_pb_row][\/et_pb_section]<\/p>\n","protected":false},"excerpt":{"rendered":"<p>INICIOJORNADA DE PUERTAS ABIERTAS DEL CAMPUS SANT JOAN D\u00b4ALACANT 2025 UNIVERSIDAD MIGUEL HERN\u00c1NDEZ DE ELCHEPresentaci\u00f3n La Jornada de Puertas Abiertas del Campus de Sant Joan d\u00b4Alacant constituye una oportunidad \u00fanica para conocer de primera mano las instalaciones de las distintas titulaciones que ofrece la Facultad de Medicina de la Universidad Miguel Hern\u00e1ndez de Elche. Dirigida [&hellip;]<\/p>\n","protected":false},"author":3782,"featured_media":0,"parent":0,"menu_order":0,"comment_status":"closed","ping_status":"closed","template":"","meta":{"_et_pb_use_builder":"on","_et_pb_old_content":"","_et_gb_content_width":"","_links_to":"","_links_to_target":""},"_links":{"self":[{"href":"https:\/\/jpacsj.umh.es\/ca\/wp-json\/wp\/v2\/pages\/13"}],"collection":[{"href":"https:\/\/jpacsj.umh.es\/ca\/wp-json\/wp\/v2\/pages"}],"about":[{"href":"https:\/\/jpacsj.umh.es\/ca\/wp-json\/wp\/v2\/types\/page"}],"author":[{"embeddable":true,"href":"https:\/\/jpacsj.umh.es\/ca\/wp-json\/wp\/v2\/users\/3782"}],"replies":[{"embeddable":true,"href":"https:\/\/jpacsj.umh.es\/ca\/wp-json\/wp\/v2\/comments?post=13"}],"version-history":[{"count":0,"href":"https:\/\/jpacsj.umh.es\/ca\/wp-json\/wp\/v2\/pages\/13\/revisions"}],"wp:attachment":[{"href":"https:\/\/jpacsj.umh.es\/ca\/wp-json\/wp\/v2\/media?parent=13"}],"curies":[{"name":"wp","href":"https:\/\/api.w.org\/{rel}","templated":true}]}}